{"id":295,"date":"2024-01-26T22:11:15","date_gmt":"2024-01-26T22:11:15","guid":{"rendered":"https:\/\/kanzleizwick.de\/?page_id=295"},"modified":"2025-06-08T14:19:08","modified_gmt":"2025-06-08T14:19:08","slug":"ueber-mich","status":"publish","type":"page","link":"https:\/\/kanzleizwick.de\/en\/ueber-mich\/","title":{"rendered":"About me"},"content":{"rendered":"<div data-elementor-type=\"wp-page\" data-elementor-id=\"295\" class=\"elementor elementor-295\">\n\t\t\t\t<div class=\"elementor-element elementor-element-7b490d3 e-con-full e-flex e-con e-parent\" data-id=\"7b490d3\" data-element_type=\"container\" data-e-type=\"container\">\n\t\t\t\t<div class=\"elementor-element elementor-element-9d36d59 elementor-widget elementor-widget-heading\" data-id=\"9d36d59\" data-element_type=\"widget\" data-e-type=\"widget\" data-widget_type=\"heading.default\">\n\t\t\t\t<div class=\"elementor-widget-container\">\n\t\t\t\t\t<h1 class=\"elementor-heading-title elementor-size-xxl\">Law Firm Zwick<\/h1>\t\t\t\t<\/div>\n\t\t\t\t<\/div>\n\t\t\t\t<\/div>\n\t\t<div class=\"elementor-element elementor-element-65e17a0 e-flex e-con-boxed e-con e-parent\" data-id=\"65e17a0\" data-element_type=\"container\" data-e-type=\"container\">\n\t\t\t\t\t<div class=\"e-con-inner\">\n\t\t\t\t<div class=\"elementor-element elementor-element-fbd2f45 elementor-widget-divider--view-line elementor-widget elementor-widget-divider\" data-id=\"fbd2f45\" data-element_type=\"widget\" data-e-type=\"widget\" data-widget_type=\"divider.default\">\n\t\t\t\t<div class=\"elementor-widget-container\">\n\t\t\t\t\t\t\t<div class=\"elementor-divider\">\n\t\t\t<span class=\"elementor-divider-separator\">\n\t\t\t\t\t\t<\/span>\n\t\t<\/div>\n\t\t\t\t\t\t<\/div>\n\t\t\t\t<\/div>\n\t\t\t\t\t<\/div>\n\t\t\t\t<\/div>\n\t\t<div class=\"elementor-element elementor-element-ff5414f e-flex e-con-boxed e-con e-parent\" data-id=\"ff5414f\" data-element_type=\"container\" data-e-type=\"container\">\n\t\t\t\t\t<div class=\"e-con-inner\">\n\t\t\t\t<div class=\"elementor-element elementor-element-58878df elementor-widget elementor-widget-heading\" data-id=\"58878df\" data-element_type=\"widget\" data-e-type=\"widget\" data-widget_type=\"heading.default\">\n\t\t\t\t<div class=\"elementor-widget-container\">\n\t\t\t\t\t<h2 class=\"elementor-heading-title elementor-size-default\">About me<\/h2>\t\t\t\t<\/div>\n\t\t\t\t<\/div>\n\t\t\t\t\t<\/div>\n\t\t\t\t<\/div>\n\t\t<div class=\"elementor-element elementor-element-88df29b e-flex e-con-boxed e-con e-parent\" data-id=\"88df29b\" data-element_type=\"container\" data-e-type=\"container\">\n\t\t\t\t\t<div class=\"e-con-inner\">\n\t\t<div class=\"elementor-element elementor-element-c9e8ee7 e-con-full e-flex e-con e-child\" data-id=\"c9e8ee7\" data-element_type=\"container\" data-e-type=\"container\">\n\t\t\t\t<div class=\"elementor-element elementor-element-cd644fe elementor-widget elementor-widget-image\" data-id=\"cd644fe\" data-element_type=\"widget\" data-e-type=\"widget\" data-widget_type=\"image.default\">\n\t\t\t\t<div class=\"elementor-widget-container\">\n\t\t\t\t\t\t\t\t\t\t\t\t\t\t\t<img fetchpriority=\"high\" decoding=\"async\" width=\"1024\" height=\"683\" src=\"https:\/\/kanzleizwick.de\/wp-content\/uploads\/2024\/01\/IMG_0468-1024x683.webp\" class=\"attachment-large size-large wp-image-279\" alt=\"\" srcset=\"https:\/\/kanzleizwick.de\/wp-content\/uploads\/2024\/01\/IMG_0468-1024x683.webp 1024w, https:\/\/kanzleizwick.de\/wp-content\/uploads\/2024\/01\/IMG_0468-300x200.webp 300w, https:\/\/kanzleizwick.de\/wp-content\/uploads\/2024\/01\/IMG_0468-768x512.webp 768w, https:\/\/kanzleizwick.de\/wp-content\/uploads\/2024\/01\/IMG_0468.webp 1200w\" sizes=\"(max-width: 1024px) 100vw, 1024px\" \/>\t\t\t\t\t\t\t\t\t\t\t\t\t\t\t<\/div>\n\t\t\t\t<\/div>\n\t\t\t\t<div class=\"elementor-element elementor-element-1f4df00 elementor-widget elementor-widget-image\" data-id=\"1f4df00\" data-element_type=\"widget\" data-e-type=\"widget\" data-widget_type=\"image.default\">\n\t\t\t\t<div class=\"elementor-widget-container\">\n\t\t\t\t\t\t\t\t\t\t\t\t\t\t\t<img decoding=\"async\" width=\"300\" height=\"92\" src=\"https:\/\/kanzleizwick.de\/wp-content\/uploads\/2025\/06\/certifikate-neu-2-300x92.jpg\" class=\"attachment-medium size-medium wp-image-618\" alt=\"\" srcset=\"https:\/\/kanzleizwick.de\/wp-content\/uploads\/2025\/06\/certifikate-neu-2-300x92.jpg 300w, https:\/\/kanzleizwick.de\/wp-content\/uploads\/2025\/06\/certifikate-neu-2-768x236.jpg 768w, https:\/\/kanzleizwick.de\/wp-content\/uploads\/2025\/06\/certifikate-neu-2-18x6.jpg 18w, https:\/\/kanzleizwick.de\/wp-content\/uploads\/2025\/06\/certifikate-neu-2.jpg 864w\" sizes=\"(max-width: 300px) 100vw, 300px\" \/>\t\t\t\t\t\t\t\t\t\t\t\t\t\t\t<\/div>\n\t\t\t\t<\/div>\n\t\t\t\t<\/div>\n\t\t<div class=\"elementor-element elementor-element-8c9cb99 e-con-full e-flex e-con e-child\" data-id=\"8c9cb99\" data-element_type=\"container\" data-e-type=\"container\">\n\t\t\t\t<div class=\"elementor-element elementor-element-1d0cbc1 elementor-widget elementor-widget-text-editor\" data-id=\"1d0cbc1\" data-element_type=\"widget\" data-e-type=\"widget\" data-widget_type=\"text-editor.default\">\n\t\t\t\t<div class=\"elementor-widget-container\">\n\t\t\t\t\t\t\t\t\t<p style=\"margin-bottom: 1.25em; border-style: solid; border-color: #d9d9e3; font-variant-ligatures: normal; font-variant-caps: normal; font-family: S\u00f6hne, ui-sans-serif, system-ui, -apple-system, 'Segoe UI', Roboto, Ubuntu, Cantarell, 'Noto Sans', sans-serif, 'Helvetica Neue', Arial, 'Apple Color Emoji', 'Segoe UI Emoji', 'Segoe UI Symbol', 'Noto Color Emoji'; font-size: 16px; font-style: normal; font-weight: 400; text-align: justify; white-space-collapse: preserve; caret-color: #374151; color: #374151;\"><strong>Martin Zwick<\/strong><\/p><p style=\"margin-bottom: 1.25em; border-style: solid; border-color: #d9d9e3; font-variant-ligatures: normal; font-variant-caps: normal; font-family: S\u00f6hne, ui-sans-serif, system-ui, -apple-system, 'Segoe UI', Roboto, Ubuntu, Cantarell, 'Noto Sans', sans-serif, 'Helvetica Neue', Arial, 'Apple Color Emoji', 'Segoe UI Emoji', 'Segoe UI Symbol', 'Noto Color Emoji'; font-size: 16px; font-style: normal; font-weight: 400; text-align: justify; white-space-collapse: preserve; caret-color: #374151; color: #374151;\"><strong>Freelance Lawyer and In-House Lawyer at DHL<\/strong><\/p><p style=\"margin-bottom: 1.25em; border-style: solid; border-color: #d9d9e3; font-variant-ligatures: normal; font-variant-caps: normal; font-family: S\u00f6hne, ui-sans-serif, system-ui, -apple-system, 'Segoe UI', Roboto, Ubuntu, Cantarell, 'Noto Sans', sans-serif, 'Helvetica Neue', Arial, 'Apple Color Emoji', 'Segoe UI Emoji', 'Segoe UI Symbol', 'Noto Color Emoji'; font-size: 16px; font-style: normal; font-weight: 400; text-align: justify; white-space-collapse: preserve; caret-color: #374151; color: #374151;\"><span style=\"font-family: S\u00f6hne, ui-sans-serif, system-ui, -apple-system, 'Segoe UI', Roboto, Ubuntu, Cantarell, 'Noto Sans', sans-serif, 'Helvetica Neue', Arial, 'Apple Color Emoji', 'Segoe UI Emoji', 'Segoe UI Symbol', 'Noto Color Emoji'; font-size: 16px; font-style: normal; font-variant-ligatures: normal; font-variant-caps: normal; font-weight: 400;\">Born in 1980, married, one child, lives in Bonn. <\/span><span style=\"font-family: S\u00f6hne, ui-sans-serif, system-ui, -apple-system, 'Segoe UI', Roboto, Ubuntu, Cantarell, 'Noto Sans', sans-serif, 'Helvetica Neue', Arial, 'Apple Color Emoji', 'Segoe UI Emoji', 'Segoe UI Symbol', 'Noto Color Emoji'; font-size: 16px; font-style: normal; font-variant-ligatures: normal; font-variant-caps: normal; font-weight: 400;\"><br \/><\/span><\/p><p style=\"margin-bottom: 1.25em; border-style: solid; border-color: #d9d9e3; font-variant-ligatures: normal; font-variant-caps: normal; font-family: S\u00f6hne, ui-sans-serif, system-ui, -apple-system, 'Segoe UI', Roboto, Ubuntu, Cantarell, 'Noto Sans', sans-serif, 'Helvetica Neue', Arial, 'Apple Color Emoji', 'Segoe UI Emoji', 'Segoe UI Symbol', 'Noto Color Emoji'; font-size: 16px; font-style: normal; font-weight: 400; text-align: justify; white-space-collapse: preserve; caret-color: #374151; color: #374151;\"><span style=\"font-family: S\u00f6hne, ui-sans-serif, system-ui, -apple-system, 'Segoe UI', Roboto, Ubuntu, Cantarell, 'Noto Sans', sans-serif, 'Helvetica Neue', Arial, 'Apple Color Emoji', 'Segoe UI Emoji', 'Segoe UI Symbol', 'Noto Color Emoji'; font-size: 16px; font-style: normal; font-variant-ligatures: normal; font-variant-caps: normal; font-weight: 400;\">Studied law in Constance and Wellington, New Zealand. First state examination in 2007, second state examination in 2009. Admitted to the bar in 2010, founded law firm and commenced work.<\/span><\/p><p style=\"margin-top: 1.25em; margin-bottom: 1.25em; border-style: solid; border-color: #d9d9e3; font-variant-ligatures: normal; font-variant-caps: normal; font-family: S\u00f6hne, ui-sans-serif, system-ui, -apple-system, 'Segoe UI', Roboto, Ubuntu, Cantarell, 'Noto Sans', sans-serif, 'Helvetica Neue', Arial, 'Apple Color Emoji', 'Segoe UI Emoji', 'Segoe UI Symbol', 'Noto Color Emoji'; font-size: 16px; font-style: normal; font-weight: 400; text-align: justify; white-space-collapse: preserve; caret-color: #374151; color: #374151;\">2016 to 2023 Master's degree at the Rhineland-Palatinate Technical University of Kaiserslautern-Landau. Master's thesis on blockchain, supply chain and sustainability.<\/p><p style=\"margin-top: 1.25em; margin-bottom: 1.25em; border-style: solid; border-color: #d9d9e3; font-variant-ligatures: normal; font-variant-caps: normal; font-family: S\u00f6hne, ui-sans-serif, system-ui, -apple-system, 'Segoe UI', Roboto, Ubuntu, Cantarell, 'Noto Sans', sans-serif, 'Helvetica Neue', Arial, 'Apple Color Emoji', 'Segoe UI Emoji', 'Segoe UI Symbol', 'Noto Color Emoji'; font-size: 16px; font-style: normal; font-weight: 400; text-align: justify; white-space-collapse: preserve; caret-color: #374151; color: #374151;\" class=\"translation-block\">2020 Certification as Data Protection Officer (GDDcert. EU), 2023 Certification as Data Protection Expert Europe (CIPP\/E), 2025 Certification as Artifical Intelligence Governance Professional.<\/p><p style=\"margin-top: 1.25em; margin-bottom: 1.25em; border-style: solid; border-color: #d9d9e3; font-variant-ligatures: normal; font-variant-caps: normal; font-family: S\u00f6hne, ui-sans-serif, system-ui, -apple-system, 'Segoe UI', Roboto, Ubuntu, Cantarell, 'Noto Sans', sans-serif, 'Helvetica Neue', Arial, 'Apple Color Emoji', 'Segoe UI Emoji', 'Segoe UI Symbol', 'Noto Color Emoji'; font-size: 16px; font-style: normal; font-weight: 400; text-align: justify; white-space-collapse: preserve; caret-color: #374151; color: #374151;\">In-house lawyer and data protection expert at DHL Group since 2020.<\/p><p style=\"margin-top: 1.25em; margin-bottom: 1.25em; border-style: solid; border-color: #d9d9e3; font-variant-ligatures: normal; font-variant-caps: normal; font-family: S\u00f6hne, ui-sans-serif, system-ui, -apple-system, 'Segoe UI', Roboto, Ubuntu, Cantarell, 'Noto Sans', sans-serif, 'Helvetica Neue', Arial, 'Apple Color Emoji', 'Segoe UI Emoji', 'Segoe UI Symbol', 'Noto Color Emoji'; font-size: 16px; font-style: normal; font-weight: 400; text-align: justify; white-space-collapse: preserve; caret-color: #374151; color: #374151;\">Since 2024 Advisory Board of the Data Protection Section of the International Association of Privacy Professionals (IAPP).<\/p><p style=\"margin-top: 1.25em; margin-bottom: 1.25em; border-style: solid; border-color: #d9d9e3; font-variant-ligatures: normal; font-variant-caps: normal; font-family: S\u00f6hne, ui-sans-serif, system-ui, -apple-system, 'Segoe UI', Roboto, Ubuntu, Cantarell, 'Noto Sans', sans-serif, 'Helvetica Neue', Arial, 'Apple Color Emoji', 'Segoe UI Emoji', 'Segoe UI Symbol', 'Noto Color Emoji'; font-size: 16px; font-style: normal; font-weight: 400; text-align: justify; white-space-collapse: preserve; caret-color: #374151; color: #374151;\">Languages: German, English, Polish.<\/p>\t\t\t\t\t\t\t\t<\/div>\n\t\t\t\t<\/div>\n\t\t\t\t<\/div>\n\t\t\t\t\t<\/div>\n\t\t\t\t<\/div>\n\t\t<div class=\"elementor-element elementor-element-ee97f2e e-flex e-con-boxed e-con e-parent\" data-id=\"ee97f2e\" data-element_type=\"container\" data-e-type=\"container\">\n\t\t\t\t\t<div class=\"e-con-inner\">\n\t\t<div class=\"elementor-element elementor-element-b30b6b1 e-flex e-con-boxed e-con e-child\" data-id=\"b30b6b1\" data-element_type=\"container\" data-e-type=\"container\">\n\t\t\t\t\t<div class=\"e-con-inner\">\n\t\t\t\t<div class=\"elementor-element elementor-element-bfa879e elementor-widget-divider--view-line elementor-widget elementor-widget-divider\" data-id=\"bfa879e\" data-element_type=\"widget\" data-e-type=\"widget\" data-widget_type=\"divider.default\">\n\t\t\t\t<div class=\"elementor-widget-container\">\n\t\t\t\t\t\t\t<div class=\"elementor-divider\">\n\t\t\t<span class=\"elementor-divider-separator\">\n\t\t\t\t\t\t<\/span>\n\t\t<\/div>\n\t\t\t\t\t\t<\/div>\n\t\t\t\t<\/div>\n\t\t\t\t\t<\/div>\n\t\t\t\t<\/div>\n\t\t\t\t<div class=\"elementor-element elementor-element-cce8e26 elementor-shape-rounded elementor-grid-0 e-grid-align-center elementor-widget elementor-widget-social-icons\" data-id=\"cce8e26\" data-element_type=\"widget\" data-e-type=\"widget\" data-widget_type=\"social-icons.default\">\n\t\t\t\t<div class=\"elementor-widget-container\">\n\t\t\t\t\t\t\t<div class=\"elementor-social-icons-wrapper elementor-grid\">\n\t\t\t\t\t\t\t<span class=\"elementor-grid-item\">\n\t\t\t\t\t<a class=\"elementor-icon elementor-social-icon elementor-social-icon-linkedin elementor-repeater-item-14bfc54\" href=\"https:\/\/www.linkedin.com\/in\/martin-zwick-a49258214\/\" target=\"_blank\">\n\t\t\t\t\t\t<span class=\"elementor-screen-only\">Linkedin<\/span>\n\t\t\t\t\t\t<i aria-hidden=\"true\" class=\"fab fa-linkedin\"><\/i>\t\t\t\t\t<\/a>\n\t\t\t\t<\/span>\n\t\t\t\t\t<\/div>\n\t\t\t\t\t\t<\/div>\n\t\t\t\t<\/div>\n\t\t\t\t\t<\/div>\n\t\t\t\t<\/div>\n\t\t\t\t<\/div>","protected":false},"excerpt":{"rendered":"<p>Kanzlei Zwick \u00dcber mich Martin Zwick Rechtsanwalt und Syndikusrechtsanwalt bei DHL Jahrgang 1980, verheiratet, ein Kind, wohnhaft in Bonn. Studium der Rechtswissenschaften in Konstanz und Wellington, Neuseeland. 2007 erstes, 2009 zweites juristisches Staatsexamen. 2010 Zulassung als Rechtsanwalt, Kanzleigr\u00fcndung und Aufnahme der T\u00e4tigkeit. 2016 bis 2023 Masterstudium an der Rheinland-Pf\u00e4lzischen Technischen Universit\u00e4t Kaiserslautern-Landau. Master Arbeit zum [&hellip;]<\/p>\n","protected":false},"author":1,"featured_media":0,"parent":0,"menu_order":0,"comment_status":"closed","ping_status":"closed","template":"","meta":{"ocean_post_layout":"full-screen","ocean_both_sidebars_style":"","ocean_both_sidebars_content_width":0,"ocean_both_sidebars_sidebars_width":0,"ocean_sidebar":"0","ocean_second_sidebar":"0","ocean_disable_margins":"enable","ocean_add_body_class":"","ocean_shortcode_before_top_bar":"","ocean_shortcode_after_top_bar":"","ocean_shortcode_before_header":"","ocean_shortcode_after_header":"","ocean_has_shortcode":"","ocean_shortcode_after_title":"","ocean_shortcode_before_footer_widgets":"","ocean_shortcode_after_footer_widgets":"","ocean_shortcode_before_footer_bottom":"","ocean_shortcode_after_footer_bottom":"","ocean_display_top_bar":"off","ocean_display_header":"default","ocean_header_style":"","ocean_center_header_left_menu":"0","ocean_custom_header_template":"0","ocean_custom_logo":0,"ocean_custom_retina_logo":0,"ocean_custom_logo_max_width":0,"ocean_custom_logo_tablet_max_width":0,"ocean_custom_logo_mobile_max_width":0,"ocean_custom_logo_max_height":0,"ocean_custom_logo_tablet_max_height":0,"ocean_custom_logo_mobile_max_height":0,"ocean_header_custom_menu":"0","ocean_menu_typo_font_family":"0","ocean_menu_typo_font_subset":"","ocean_menu_typo_font_size":0,"ocean_menu_typo_font_size_tablet":0,"ocean_menu_typo_font_size_mobile":0,"ocean_menu_typo_font_size_unit":"px","ocean_menu_typo_font_weight":"","ocean_menu_typo_font_weight_tablet":"","ocean_menu_typo_font_weight_mobile":"","ocean_menu_typo_transform":"","ocean_menu_typo_transform_tablet":"","ocean_menu_typo_transform_mobile":"","ocean_menu_typo_line_height":0,"ocean_menu_typo_line_height_tablet":0,"ocean_menu_typo_line_height_mobile":0,"ocean_menu_typo_line_height_unit":"","ocean_menu_typo_spacing":0,"ocean_menu_typo_spacing_tablet":0,"ocean_menu_typo_spacing_mobile":0,"ocean_menu_typo_spacing_unit":"","ocean_menu_link_color":"","ocean_menu_link_color_hover":"","ocean_menu_link_color_active":"","ocean_menu_link_background":"","ocean_menu_link_hover_background":"","ocean_menu_link_active_background":"","ocean_menu_social_links_bg":"","ocean_menu_social_hover_links_bg":"","ocean_menu_social_links_color":"","ocean_menu_social_hover_links_color":"","ocean_disable_title":"on","ocean_disable_heading":"default","ocean_post_title":"","ocean_post_subheading":"","ocean_post_title_style":"","ocean_post_title_background_color":"","ocean_post_title_background":0,"ocean_post_title_bg_image_position":"","ocean_post_title_bg_image_attachment":"","ocean_post_title_bg_image_repeat":"","ocean_post_title_bg_image_size":"","ocean_post_title_height":0,"ocean_post_title_bg_overlay":0.5,"ocean_post_title_bg_overlay_color":"","ocean_disable_breadcrumbs":"default","ocean_breadcrumbs_color":"","ocean_breadcrumbs_separator_color":"","ocean_breadcrumbs_links_color":"","ocean_breadcrumbs_links_hover_color":"","ocean_display_footer_widgets":"off","ocean_display_footer_bottom":"off","ocean_custom_footer_template":"0","footnotes":""},"class_list":["post-295","page","type-page","status-publish","hentry","entry"],"yoast_head":"<!-- This site is optimized with the Yoast SEO plugin v27.3 - https:\/\/yoast.com\/product\/yoast-seo-wordpress\/ -->\n<title>\u00dcber mich -<\/title>\n<meta name=\"description\" content=\"Rechtsberatung im Bereich Datenschutz, K\u00fcnstliche Intelligenz, Blockchain\" \/>\n<meta name=\"robots\" content=\"index, follow, max-snippet:-1, max-image-preview:large, max-video-preview:-1\" \/>\n<link rel=\"canonical\" href=\"https:\/\/kanzleizwick.de\/en\/ueber-mich\/\" \/>\n<meta property=\"og:locale\" content=\"en_GB\" \/>\n<meta property=\"og:type\" content=\"article\" \/>\n<meta property=\"og:title\" content=\"\u00dcber mich -\" \/>\n<meta property=\"og:description\" content=\"Rechtsberatung im Bereich Datenschutz, K\u00fcnstliche Intelligenz, Blockchain\" \/>\n<meta property=\"og:url\" content=\"https:\/\/kanzleizwick.de\/en\/ueber-mich\/\" \/>\n<meta property=\"article:publisher\" content=\"https:\/\/www.facebook.com\/profile.php?id=100045557071316\" \/>\n<meta property=\"article:modified_time\" content=\"2025-06-08T14:19:08+00:00\" \/>\n<meta property=\"og:image\" content=\"https:\/\/kanzleizwick.de\/wp-content\/uploads\/2024\/01\/IMG_0468.webp\" \/>\n\t<meta property=\"og:image:width\" content=\"1200\" \/>\n\t<meta property=\"og:image:height\" content=\"800\" \/>\n\t<meta property=\"og:image:type\" content=\"image\/webp\" \/>\n<meta name=\"twitter:card\" content=\"summary_large_image\" \/>\n<meta name=\"twitter:site\" content=\"@RAMartinZwick\" \/>\n<meta name=\"twitter:label1\" content=\"Estimated reading time\" \/>\n\t<meta name=\"twitter:data1\" content=\"2 minutes\" \/>\n<script type=\"application\/ld+json\" class=\"yoast-schema-graph\">{\"@context\":\"https:\\\/\\\/schema.org\",\"@graph\":[{\"@type\":\"WebPage\",\"@id\":\"https:\\\/\\\/kanzleizwick.de\\\/ueber-mich\\\/\",\"url\":\"https:\\\/\\\/kanzleizwick.de\\\/ueber-mich\\\/\",\"name\":\"\u00dcber mich -\",\"isPartOf\":{\"@id\":\"https:\\\/\\\/kanzleizwick.de\\\/#website\"},\"primaryImageOfPage\":{\"@id\":\"https:\\\/\\\/kanzleizwick.de\\\/ueber-mich\\\/#primaryimage\"},\"image\":{\"@id\":\"https:\\\/\\\/kanzleizwick.de\\\/ueber-mich\\\/#primaryimage\"},\"thumbnailUrl\":\"https:\\\/\\\/kanzleizwick.de\\\/wp-content\\\/uploads\\\/2024\\\/01\\\/IMG_0468-1024x683.webp\",\"datePublished\":\"2024-01-26T22:11:15+00:00\",\"dateModified\":\"2025-06-08T14:19:08+00:00\",\"description\":\"Rechtsberatung im Bereich Datenschutz, K\u00fcnstliche Intelligenz, Blockchain\",\"breadcrumb\":{\"@id\":\"https:\\\/\\\/kanzleizwick.de\\\/ueber-mich\\\/#breadcrumb\"},\"inLanguage\":\"en-GB\",\"potentialAction\":[{\"@type\":\"ReadAction\",\"target\":[\"https:\\\/\\\/kanzleizwick.de\\\/ueber-mich\\\/\"]}]},{\"@type\":\"ImageObject\",\"inLanguage\":\"en-GB\",\"@id\":\"https:\\\/\\\/kanzleizwick.de\\\/ueber-mich\\\/#primaryimage\",\"url\":\"https:\\\/\\\/kanzleizwick.de\\\/wp-content\\\/uploads\\\/2024\\\/01\\\/IMG_0468-1024x683.webp\",\"contentUrl\":\"https:\\\/\\\/kanzleizwick.de\\\/wp-content\\\/uploads\\\/2024\\\/01\\\/IMG_0468-1024x683.webp\"},{\"@type\":\"BreadcrumbList\",\"@id\":\"https:\\\/\\\/kanzleizwick.de\\\/ueber-mich\\\/#breadcrumb\",\"itemListElement\":[{\"@type\":\"ListItem\",\"position\":1,\"name\":\"Startseite\",\"item\":\"https:\\\/\\\/kanzleizwick.de\\\/\"},{\"@type\":\"ListItem\",\"position\":2,\"name\":\"\u00dcber mich\"}]},{\"@type\":\"WebSite\",\"@id\":\"https:\\\/\\\/kanzleizwick.de\\\/#website\",\"url\":\"https:\\\/\\\/kanzleizwick.de\\\/\",\"name\":\"Kanzlei Zwick\",\"description\":\"Ihr Anwalt f\u00fcr Datenschutz\",\"publisher\":{\"@id\":\"https:\\\/\\\/kanzleizwick.de\\\/#\\\/schema\\\/person\\\/741b544420b9931c9d5c7a44c18594bd\"},\"potentialAction\":[{\"@type\":\"SearchAction\",\"target\":{\"@type\":\"EntryPoint\",\"urlTemplate\":\"https:\\\/\\\/kanzleizwick.de\\\/?s={search_term_string}\"},\"query-input\":{\"@type\":\"PropertyValueSpecification\",\"valueRequired\":true,\"valueName\":\"search_term_string\"}}],\"inLanguage\":\"en-GB\"},{\"@type\":[\"Person\",\"Organization\"],\"@id\":\"https:\\\/\\\/kanzleizwick.de\\\/#\\\/schema\\\/person\\\/741b544420b9931c9d5c7a44c18594bd\",\"name\":\"Martin Zwick\",\"image\":{\"@type\":\"ImageObject\",\"inLanguage\":\"en-GB\",\"@id\":\"https:\\\/\\\/kanzleizwick.de\\\/wp-content\\\/uploads\\\/2023\\\/05\\\/1624396093563.jpeg\",\"url\":\"https:\\\/\\\/kanzleizwick.de\\\/wp-content\\\/uploads\\\/2023\\\/05\\\/1624396093563.jpeg\",\"contentUrl\":\"https:\\\/\\\/kanzleizwick.de\\\/wp-content\\\/uploads\\\/2023\\\/05\\\/1624396093563.jpeg\",\"width\":399,\"height\":400,\"caption\":\"Martin Zwick\"},\"logo\":{\"@id\":\"https:\\\/\\\/kanzleizwick.de\\\/wp-content\\\/uploads\\\/2023\\\/05\\\/1624396093563.jpeg\"},\"sameAs\":[\"https:\\\/\\\/kanzleizwick.de\",\"https:\\\/\\\/www.facebook.com\\\/profile.php?id=100045557071316\",\"https:\\\/\\\/www.instagram.com\\\/martin.zwick\\\/\",\"https:\\\/\\\/www.linkedin.com\\\/in\\\/martin-zwick-a49258214\",\"https:\\\/\\\/x.com\\\/RAMartinZwick\"]}]}<\/script>\n<!-- \/ Yoast SEO plugin. -->","yoast_head_json":{"title":"\u00dcber mich -","description":"Rechtsberatung im Bereich Datenschutz, K\u00fcnstliche Intelligenz, Blockchain","robots":{"index":"index","follow":"follow","max-snippet":"max-snippet:-1","max-image-preview":"max-image-preview:large","max-video-preview":"max-video-preview:-1"},"canonical":"https:\/\/kanzleizwick.de\/en\/ueber-mich\/","og_locale":"en_GB","og_type":"article","og_title":"\u00dcber mich -","og_description":"Rechtsberatung im Bereich Datenschutz, K\u00fcnstliche Intelligenz, Blockchain","og_url":"https:\/\/kanzleizwick.de\/en\/ueber-mich\/","article_publisher":"https:\/\/www.facebook.com\/profile.php?id=100045557071316","article_modified_time":"2025-06-08T14:19:08+00:00","og_image":[{"width":1200,"height":800,"url":"https:\/\/kanzleizwick.de\/wp-content\/uploads\/2024\/01\/IMG_0468.webp","type":"image\/webp"}],"twitter_card":"summary_large_image","twitter_site":"@RAMartinZwick","twitter_misc":{"Estimated reading time":"2 minutes"},"schema":{"@context":"https:\/\/schema.org","@graph":[{"@type":"WebPage","@id":"https:\/\/kanzleizwick.de\/ueber-mich\/","url":"https:\/\/kanzleizwick.de\/ueber-mich\/","name":"\u00dcber mich -","isPartOf":{"@id":"https:\/\/kanzleizwick.de\/#website"},"primaryImageOfPage":{"@id":"https:\/\/kanzleizwick.de\/ueber-mich\/#primaryimage"},"image":{"@id":"https:\/\/kanzleizwick.de\/ueber-mich\/#primaryimage"},"thumbnailUrl":"https:\/\/kanzleizwick.de\/wp-content\/uploads\/2024\/01\/IMG_0468-1024x683.webp","datePublished":"2024-01-26T22:11:15+00:00","dateModified":"2025-06-08T14:19:08+00:00","description":"Rechtsberatung im Bereich Datenschutz, K\u00fcnstliche Intelligenz, Blockchain","breadcrumb":{"@id":"https:\/\/kanzleizwick.de\/ueber-mich\/#breadcrumb"},"inLanguage":"en-GB","potentialAction":[{"@type":"ReadAction","target":["https:\/\/kanzleizwick.de\/ueber-mich\/"]}]},{"@type":"ImageObject","inLanguage":"en-GB","@id":"https:\/\/kanzleizwick.de\/ueber-mich\/#primaryimage","url":"https:\/\/kanzleizwick.de\/wp-content\/uploads\/2024\/01\/IMG_0468-1024x683.webp","contentUrl":"https:\/\/kanzleizwick.de\/wp-content\/uploads\/2024\/01\/IMG_0468-1024x683.webp"},{"@type":"BreadcrumbList","@id":"https:\/\/kanzleizwick.de\/ueber-mich\/#breadcrumb","itemListElement":[{"@type":"ListItem","position":1,"name":"Startseite","item":"https:\/\/kanzleizwick.de\/"},{"@type":"ListItem","position":2,"name":"\u00dcber mich"}]},{"@type":"WebSite","@id":"https:\/\/kanzleizwick.de\/#website","url":"https:\/\/kanzleizwick.de\/","name":"Law Firm Zwick","description":"Ihr Anwalt f\u00fcr Datenschutz","publisher":{"@id":"https:\/\/kanzleizwick.de\/#\/schema\/person\/741b544420b9931c9d5c7a44c18594bd"},"potentialAction":[{"@type":"SearchAction","target":{"@type":"EntryPoint","urlTemplate":"https:\/\/kanzleizwick.de\/?s={search_term_string}"},"query-input":{"@type":"PropertyValueSpecification","valueRequired":true,"valueName":"search_term_string"}}],"inLanguage":"en-GB"},{"@type":["Person","Organization"],"@id":"https:\/\/kanzleizwick.de\/#\/schema\/person\/741b544420b9931c9d5c7a44c18594bd","name":"Martin Zwick","image":{"@type":"ImageObject","inLanguage":"en-GB","@id":"https:\/\/kanzleizwick.de\/wp-content\/uploads\/2023\/05\/1624396093563.jpeg","url":"https:\/\/kanzleizwick.de\/wp-content\/uploads\/2023\/05\/1624396093563.jpeg","contentUrl":"https:\/\/kanzleizwick.de\/wp-content\/uploads\/2023\/05\/1624396093563.jpeg","width":399,"height":400,"caption":"Martin Zwick"},"logo":{"@id":"https:\/\/kanzleizwick.de\/wp-content\/uploads\/2023\/05\/1624396093563.jpeg"},"sameAs":["https:\/\/kanzleizwick.de","https:\/\/www.facebook.com\/profile.php?id=100045557071316","https:\/\/www.instagram.com\/martin.zwick\/","https:\/\/www.linkedin.com\/in\/martin-zwick-a49258214","https:\/\/x.com\/RAMartinZwick"]}]}},"_links":{"self":[{"href":"https:\/\/kanzleizwick.de\/en\/wp-json\/wp\/v2\/pages\/295","targetHints":{"allow":["GET"]}}],"collection":[{"href":"https:\/\/kanzleizwick.de\/en\/wp-json\/wp\/v2\/pages"}],"about":[{"href":"https:\/\/kanzleizwick.de\/en\/wp-json\/wp\/v2\/types\/page"}],"author":[{"embeddable":true,"href":"https:\/\/kanzleizwick.de\/en\/wp-json\/wp\/v2\/users\/1"}],"replies":[{"embeddable":true,"href":"https:\/\/kanzleizwick.de\/en\/wp-json\/wp\/v2\/comments?post=295"}],"version-history":[{"count":34,"href":"https:\/\/kanzleizwick.de\/en\/wp-json\/wp\/v2\/pages\/295\/revisions"}],"predecessor-version":[{"id":625,"href":"https:\/\/kanzleizwick.de\/en\/wp-json\/wp\/v2\/pages\/295\/revisions\/625"}],"wp:attachment":[{"href":"https:\/\/kanzleizwick.de\/en\/wp-json\/wp\/v2\/media?parent=295"}],"curies":[{"name":"wp","href":"https:\/\/api.w.org\/{rel}","templated":true}]}}